{"id":3439,"date":"2026-04-02T00:00:36","date_gmt":"2026-04-02T00:00:36","guid":{"rendered":"https:\/\/ratticonsultoria.com.br\/?page_id=3439"},"modified":"2026-04-02T20:38:56","modified_gmt":"2026-04-02T20:38:56","slug":"solutions","status":"publish","type":"page","link":"https:\/\/ratticonsultoria.com.br\/?page_id=3439","title":{"rendered":"Solu\u00e7\u00f5es"},"content":{"rendered":"\t\t<div data-elementor-type=\"wp-post\" data-elementor-id=\"3439\" class=\"elementor elementor-3439\" data-elementor-post-type=\"page\">\n\t\t\t\t<div class=\"elementor-element elementor-element-edd15f6 e-flex e-con-boxed wpr-particle-no wpr-jarallax-no wpr-parallax-no wpr-sticky-section-no e-con e-parent\" data-id=\"edd15f6\" data-element_type=\"container\" data-e-type=\"container\">\n\t\t\t\t\t<div class=\"e-con-inner\">\n\t\t\t\t<div class=\"elementor-element elementor-element-0f8642c elementor-widget elementor-widget-html\" data-id=\"0f8642c\" data-element_type=\"widget\" data-e-type=\"widget\" data-widget_type=\"html.default\">\n\t\t\t\t<div class=\"elementor-widget-container\">\n\t\t\t\t\t<style>\r\n.ratti-solutions {\r\n    background-color: #FFFFFF;\r\n    padding: 100px 5%;\r\n    font-family: 'Montserrat', sans-serif;\r\n}\r\n\r\n.ratti-solutions-container {\r\n    max-width: 1200px;\r\n    margin: 0 auto;\r\n    text-align: center;\r\n}\r\n\r\n.ratti-solutions-title {\r\n    font-size: 34px;\r\n    font-weight: 700;\r\n    color: #1B365D;\r\n    margin-bottom: 20px;\r\n}\r\n\r\n.ratti-solutions-intro {\r\n    font-size: 17px;\r\n    color: #555;\r\n    max-width: 750px;\r\n    margin: 0 auto 70px auto;\r\n    line-height: 1.7;\r\n}\r\n\r\n.ratti-solutions-grid {\r\n    display: flex;\r\n    flex-wrap: wrap;\r\n    gap: 40px;\r\n    justify-content: center;\r\n}\r\n\r\n.ratti-solution-card {\r\n    background: #F8F9FB;\r\n    border-radius: 14px;\r\n    padding: 40px 30px;\r\n    flex: 1 1 300px;\r\n    max-width: 360px;\r\n    text-align: left;\r\n    text-decoration: none;\r\n    transition: all 0.35s ease;\r\n    box-shadow: 0 8px 25px rgba(0,0,0,0.04);\r\n    display: block;\r\n    color: inherit;\r\n}\r\n\r\n.ratti-solution-card:hover {\r\n    transform: translateY(-10px);\r\n    box-shadow: 0 18px 45px rgba(0,0,0,0.08);\r\n    background: #FFFFFF;\r\n}\r\n\r\n.ratti-solution-icon {\r\n    font-size: 38px;\r\n    margin-bottom: 20px;\r\n    color: #C9A24D;\r\n}\r\n\r\n.ratti-solution-card h3 {\r\n    font-size: 20px;\r\n    font-weight: 700;\r\n    color: #1B365D;\r\n    margin-bottom: 15px;\r\n}\r\n\r\n.ratti-solution-card p {\r\n    font-size: 15px;\r\n    color: #4A4A4A;\r\n    line-height: 1.6;\r\n}\r\n\r\n.ratti-link {\r\n    margin-top: 20px;\r\n    display: inline-block;\r\n    font-size: 14px;\r\n    font-weight: 600;\r\n    color: #1B365D;\r\n}\r\n\r\n.ratti-link::after {\r\n    content: \" \u2192\";\r\n}\r\n\r\n\/* Responsividade *\/\r\n@media (max-width: 768px) {\r\n    .ratti-solutions {\r\n        padding: 70px 5%;\r\n    }\r\n\r\n    .ratti-solutions-title {\r\n        font-size: 26px;\r\n    }\r\n\r\n    .ratti-solutions-intro {\r\n        font-size: 16px;\r\n        margin-bottom: 50px;\r\n    }\r\n}\r\n<\/style>\r\n\r\n<section class=\"ratti-solutions\">\r\n    <div class=\"ratti-solutions-container\">\r\n\r\n        <h2 class=\"ratti-solutions-title\">Solu\u00e7\u00f5es Estrat\u00e9gicas<\/h2>\r\n\r\n        <p class=\"ratti-solutions-intro\">\r\n            Atuamos de forma estruturada para apoiar empresas em diferentes etapas de crescimento, desde a organiza\u00e7\u00e3o interna at\u00e9 a expans\u00e3o internacional.\r\n        <\/p>\r\n\r\n        <div class=\"ratti-solutions-grid\">\r\n\r\n            <a href=\"https:\/\/ratticonsultoria.com.br\/?page_id=3444\" class=\"ratti-solution-card\">\r\n                <div class=\"ratti-solution-icon\">\ud83c\udf0d<\/div>\r\n                <h3>Expans\u00e3o Internacional<\/h3>\r\n                <p>Planejamento e execu\u00e7\u00e3o de entrada em mercados globais.<\/p>\r\n                <span class=\"ratti-link\">Saiba mais<\/span>\r\n            <\/a>\r\n\r\n            <a href=\"https:\/\/ratticonsultoria.com.br\/?page_id=3445\" class=\"ratti-solution-card\">\r\n                <div class=\"ratti-solution-icon\">\ud83d\udcb0<\/div>\r\n                <h3>Estrutura\u00e7\u00e3o Financeira e Capital<\/h3>\r\n                <p>Organiza\u00e7\u00e3o financeira e acesso a cr\u00e9dito para crescimento.<\/p>\r\n                <span class=\"ratti-link\">Saiba mais<\/span>\r\n            <\/a>\r\n\r\n            <a href=\"https:\/\/ratticonsultoria.com.br\/?page_id=3448\" class=\"ratti-solution-card\">\r\n                <div class=\"ratti-solution-icon\">\ud83d\udcca<\/div>\r\n                <h3>Planejamento Financeiro<\/h3>\r\n                <p>Estrutura\u00e7\u00e3o econ\u00f4mica para expans\u00e3o sustent\u00e1vel.<\/p>\r\n                <span class=\"ratti-link\">Saiba mais<\/span>\r\n            <\/a>\r\n\r\n            <a href=\"https:\/\/ratticonsultoria.com.br\/?page_id=3449\" class=\"ratti-solution-card\">\r\n                <div class=\"ratti-solution-icon\">\ud83d\udcb1<\/div>\r\n                <h3>Gest\u00e3o Cambial<\/h3>\r\n                <p>Prote\u00e7\u00e3o financeira em opera\u00e7\u00f5es internacionais.<\/p>\r\n                <span class=\"ratti-link\">Saiba mais<\/span>\r\n            <\/a>\r\n\r\n            <a href=\"https:\/\/ratticonsultoria.com.br\/?page_id=3450\" class=\"ratti-solution-card\">\r\n                <div class=\"ratti-solution-icon\">\ud83d\udce6<\/div>\r\n                <h3>Com\u00e9rcio Exterior<\/h3>\r\n                <p>Opera\u00e7\u00f5es de importa\u00e7\u00e3o e exporta\u00e7\u00e3o estruturadas.<\/p>\r\n                <span class=\"ratti-link\">Saiba mais<\/span>\r\n            <\/a>\r\n\r\n            <a href=\"https:\/\/ratticonsultoria.com.br\/?page_id=3454\" class=\"ratti-solution-card\">\r\n                <div class=\"ratti-solution-icon\">\ud83c\udfdb\ufe0f<\/div>\r\n                <h3>Rela\u00e7\u00f5es Institucionais<\/h3>\r\n                <p>Conex\u00e3o estrat\u00e9gica com \u00f3rg\u00e3os e institui\u00e7\u00f5es.<\/p>\r\n                <span class=\"ratti-link\">Saiba mais<\/span>\r\n            <\/a>\r\n\r\n        <\/div>\r\n\r\n    <\/div>\r\n<\/section>\t\t\t\t<\/div>\n\t\t\t\t<\/div>\n\t\t\t\t\t<\/div>\n\t\t\t\t<\/div>\n\t\t\t\t<section class=\"elementor-section elementor-top-section elementor-element elementor-element-4863px2 elementor-section-content-middle elementor-section-full_width elementor-section-height-default elementor-section-height-default wpr-particle-no wpr-jarallax-no wpr-parallax-no wpr-sticky-section-no\" data-id=\"4863px2\" data-element_type=\"section\" data-e-type=\"section\" data-settings=\"{&quot;background_background&quot;:&quot;classic&quot;}\">\n\t\t\t\t\t\t\t<div class=\"elementor-background-overlay\"><\/div>\n\t\t\t\t\t\t\t<div class=\"elementor-container elementor-column-gap-no\">\n\t\t\t\t\t<div class=\"elementor-column elementor-col-50 elementor-top-column elementor-element elementor-element-47d11e6\" data-id=\"47d11e6\" data-element_type=\"column\" data-e-type=\"column\">\n\t\t\t<div class=\"elementor-widget-wrap elementor-element-populated\">\n\t\t\t\t\t\t<div class=\"elementor-element elementor-element-0b62b3b elementor-widget elementor-widget-video\" data-id=\"0b62b3b\" data-element_type=\"widget\" data-e-type=\"widget\" data-settings=\"{&quot;video_type&quot;:&quot;hosted&quot;,&quot;autoplay&quot;:&quot;yes&quot;,&quot;play_on_mobile&quot;:&quot;yes&quot;,&quot;loop&quot;:&quot;yes&quot;}\" data-widget_type=\"video.default\">\n\t\t\t\t<div class=\"elementor-widget-container\">\n\t\t\t\t\t\t\t<div class=\"e-hosted-video elementor-wrapper elementor-open-inline\">\n\t\t\t\t\t<video class=\"elementor-video\" src=\"https:\/\/ratticonsultoria.com.br\/wp-content\/uploads\/2025\/11\/Business-Consulting-Specialist-in-Brazil.mp4\" autoplay=\"\" loop=\"\" playsinline=\"\" controlsList=\"nodownload\"><\/video>\n\t\t\t\t<\/div>\n\t\t\t\t\t\t<\/div>\n\t\t\t\t<\/div>\n\t\t\t\t\t<\/div>\n\t\t<\/div>\n\t\t\t\t<div class=\"elementor-column elementor-col-50 elementor-top-column elementor-element elementor-element-e68dcfe\" data-id=\"e68dcfe\" data-element_type=\"column\" data-e-type=\"column\">\n\t\t\t<div class=\"elementor-widget-wrap elementor-element-populated\">\n\t\t\t\t\t\t<div class=\"elementor-element elementor-element-a0ce042 elementor-widget elementor-widget-heading\" data-id=\"a0ce042\" data-element_type=\"widget\" data-e-type=\"widget\" data-widget_type=\"heading.default\">\n\t\t\t\t<div class=\"elementor-widget-container\">\n\t\t\t\t\t<h5 class=\"elementor-heading-title elementor-size-default\">Entre em Contato <\/h5>\t\t\t\t<\/div>\n\t\t\t\t<\/div>\n\t\t\t\t<div class=\"elementor-element elementor-element-ff0f137 elementor-widget elementor-widget-heading\" data-id=\"ff0f137\" data-element_type=\"widget\" data-e-type=\"widget\" data-widget_type=\"heading.default\">\n\t\t\t\t<div class=\"elementor-widget-container\">\n\t\t\t\t\t<h2 class=\"elementor-heading-title elementor-size-default\">Suporte no Brasil, para empresas Estrangeiras! \n\n<\/h2>\t\t\t\t<\/div>\n\t\t\t\t<\/div>\n\t\t\t\t<div class=\"elementor-element elementor-element-72da1a5 elementor-widget elementor-widget-text-editor\" data-id=\"72da1a5\" data-element_type=\"widget\" data-e-type=\"widget\" data-widget_type=\"text-editor.default\">\n\t\t\t\t<div class=\"elementor-widget-container\">\n\t\t\t\t\t\t\t\t\t<p><strong data-start=\"685\" data-end=\"726\">Expandir fronteiras exige estrat\u00e9gia.<\/strong><br data-start=\"726\" data-end=\"729\" \/>Apoiamos empresas\u00a0 que buscam novos mercados e investidores internacionais que acreditam no potencial do Brasil. Atuamos com intelig\u00eancia de mercado, seguran\u00e7a e vis\u00e3o estrat\u00e9gica para transformar oportunidades em resultados concretos.<\/p>\t\t\t\t\t\t\t\t<\/div>\n\t\t\t\t<\/div>\n\t\t\t\t<div class=\"elementor-element elementor-element-a6dde25 elementor-align-left elementor-widget elementor-widget-button\" data-id=\"a6dde25\" data-element_type=\"widget\" data-e-type=\"widget\" data-widget_type=\"button.default\">\n\t\t\t\t<div class=\"elementor-widget-container\">\n\t\t\t\t\t\t\t\t\t<div class=\"elementor-button-wrapper\">\n\t\t\t\t\t<a class=\"elementor-button elementor-button-link elementor-size-sm\" href=\"https:\/\/wa.me\/+5519981988048\">\n\t\t\t\t\t\t<span class=\"elementor-button-content-wrapper\">\n\t\t\t\t\t\t<span class=\"elementor-button-icon\">\n\t\t\t\t<svg aria-hidden=\"true\" class=\"e-font-icon-svg e-fab-whatsapp\" viewBox=\"0 0 448 512\" xmlns=\"http:\/\/www.w3.org\/2000\/svg\"><path d=\"M380.9 97.1C339 55.1 283.2 32 223.9 32c-122.4 0-222 99.6-222 222 0 39.1 10.2 77.3 29.6 111L0 480l117.7-30.9c32.4 17.7 68.9 27 106.1 27h.1c122.3 0 224.1-99.6 224.1-222 0-59.3-25.2-115-67.1-157zm-157 341.6c-33.2 0-65.7-8.9-94-25.7l-6.7-4-69.8 18.3L72 359.2l-4.4-7c-18.5-29.4-28.2-63.3-28.2-98.2 0-101.7 82.8-184.5 184.6-184.5 49.3 0 95.6 19.2 130.4 54.1 34.8 34.9 56.2 81.2 56.1 130.5 0 101.8-84.9 184.6-186.6 184.6zm101.2-138.2c-5.5-2.8-32.8-16.2-37.9-18-5.1-1.9-8.8-2.8-12.5 2.8-3.7 5.6-14.3 18-17.6 21.8-3.2 3.7-6.5 4.2-12 1.4-32.6-16.3-54-29.1-75.5-66-5.7-9.8 5.7-9.1 16.3-30.3 1.8-3.7.9-6.9-.5-9.7-1.4-2.8-12.5-30.1-17.1-41.2-4.5-10.8-9.1-9.3-12.5-9.5-3.2-.2-6.9-.2-10.6-.2-3.7 0-9.7 1.4-14.8 6.9-5.1 5.6-19.4 19-19.4 46.3 0 27.3 19.9 53.7 22.6 57.4 2.8 3.7 39.1 59.7 94.8 83.8 35.2 15.2 49 16.5 66.6 13.9 10.7-1.6 32.8-13.4 37.4-26.4 4.6-13 4.6-24.1 3.2-26.4-1.3-2.5-5-3.9-10.5-6.6z\"><\/path><\/svg>\t\t\t<\/span>\n\t\t\t\t\t\t\t\t\t<span class=\"elementor-button-text\">Contato<\/span>\n\t\t\t\t\t<\/span>\n\t\t\t\t\t<\/a>\n\t\t\t\t<\/div>\n\t\t\t\t\t\t\t\t<\/div>\n\t\t\t\t<\/div>\n\t\t\t\t\t<\/div>\n\t\t<\/div>\n\t\t\t\t\t<\/div>\n\t\t<\/section>\n\t\t\t\t<\/div>\n\t\t","protected":false},"excerpt":{"rendered":"<p>Solu\u00e7\u00f5es Estrat\u00e9gicas Atuamos de forma estruturada para apoiar empresas em diferentes etapas de crescimento, desde a organiza\u00e7\u00e3o interna at\u00e9 a expans\u00e3o internacional. \ud83c\udf0d Expans\u00e3o Internacional Planejamento e execu\u00e7\u00e3o de entrada em mercados globais. Saiba mais \ud83d\udcb0 Estrutura\u00e7\u00e3o Financeira e Capital Organiza\u00e7\u00e3o financeira e acesso a cr\u00e9dito para crescimento. Saiba mais \ud83d\udcca Planejamento Financeiro Estrutura\u00e7\u00e3o econ\u00f4mica para expans\u00e3o sustent\u00e1vel. Saiba mais \ud83d\udcb1 Gest\u00e3o Cambial Prote\u00e7\u00e3o financeira em opera\u00e7\u00f5es internacionais. Saiba mais \ud83d\udce6 Com\u00e9rcio Exterior Opera\u00e7\u00f5es de importa\u00e7\u00e3o e exporta\u00e7\u00e3o estruturadas. Saiba mais \ud83c\udfdb\ufe0f Rela\u00e7\u00f5es Institucionais Conex\u00e3o estrat\u00e9gica com \u00f3rg\u00e3os e institui\u00e7\u00f5es. Saiba mais https:\/\/ratticonsultoria.com.br\/wp-content\/uploads\/2025\/11\/Business-Consulting-Specialist-in-Brazil.mp4 Entre em Contato Suporte no Brasil, para empresas Estrangeiras! Expandir fronteiras exige estrat\u00e9gia.Apoiamos empresas\u00a0 que buscam novos mercados e investidores internacionais que acreditam no potencial do Brasil. Atuamos com intelig\u00eancia de mercado, seguran\u00e7a e vis\u00e3o estrat\u00e9gica para transformar oportunidades em resultados concretos. Contato<\/p>\n","protected":false},"author":1,"featured_media":0,"parent":0,"menu_order":0,"comment_status":"closed","ping_status":"closed","template":"elementor_header_footer","meta":{"_eb_attr":"","_uag_custom_page_level_css":"","site-sidebar-layout":"no-sidebar","site-content-layout":"page-builder","ast-site-content-layout":"default","site-content-style":"default","site-sidebar-style":"default","ast-global-header-display":"","ast-banner-title-visibility":"","ast-main-header-display":"","ast-hfb-above-header-display":"","ast-hfb-below-header-display":"","ast-hfb-mobile-header-display":"","site-post-title":"disabled","ast-breadcrumbs-content":"","ast-featured-img":"disabled","footer-sml-layout":"","ast-disable-related-posts":"","theme-transparent-header-meta":"enabled","adv-header-id-meta":"","stick-header-meta":"","header-above-stick-meta":"","header-main-stick-meta":"","header-below-stick-meta":"","astra-migrate-meta-layouts":"default","ast-page-background-enabled":"default","ast-page-background-meta":{"desktop":{"background-color":"","background-image":"","background-repeat":"repeat","background-position":"center center","background-size":"auto","background-attachment":"scroll","background-type":"","background-media":"","overlay-type":"","overlay-color":"","overlay-opacity":"","overlay-gradient":""},"tablet":{"background-color":"","background-image":"","background-repeat":"repeat","background-position":"center center","background-size":"auto","background-attachment":"scroll","background-type":"","background-media":"","overlay-type":"","overlay-color":"","overlay-opacity":"","overlay-gradient":""},"mobile":{"background-color":"","background-image":"","background-repeat":"repeat","background-position":"center center","background-size":"auto","background-attachment":"scroll","background-type":"","background-media":"","overlay-type":"","overlay-color":"","overlay-opacity":"","overlay-gradient":""}},"ast-content-background-meta":{"desktop":{"background-color":"var(--ast-global-color-5)","background-image":"","background-repeat":"repeat","background-position":"center center","background-size":"auto","background-attachment":"scroll","background-type":"","background-media":"","overlay-type":"","overlay-color":"","overlay-opacity":"","overlay-gradient":""},"tablet":{"background-color":"var(--ast-global-color-5)","background-image":"","background-repeat":"repeat","background-position":"center center","background-size":"auto","background-attachment":"scroll","background-type":"","background-media":"","overlay-type":"","overlay-color":"","overlay-opacity":"","overlay-gradient":""},"mobile":{"background-color":"var(--ast-global-color-5)","background-image":"","background-repeat":"repeat","background-position":"center center","background-size":"auto","background-attachment":"scroll","background-type":"","background-media":"","overlay-type":"","overlay-color":"","overlay-opacity":"","overlay-gradient":""}},"footnotes":""},"class_list":["post-3439","page","type-page","status-publish","hentry"],"uagb_featured_image_src":{"full":false,"thumbnail":false,"medium":false,"medium_large":false,"large":false,"1536x1536":false,"2048x2048":false},"uagb_author_info":{"display_name":"augusto.rfilho","author_link":"https:\/\/ratticonsultoria.com.br\/?author=1"},"uagb_comment_info":0,"uagb_excerpt":"Solu\u00e7\u00f5es Estrat\u00e9gicas Atuamos de forma estruturada para apoiar empresas em diferentes etapas de crescimento, desde a organiza\u00e7\u00e3o interna at\u00e9 a expans\u00e3o internacional. \ud83c\udf0d Expans\u00e3o Internacional Planejamento e execu\u00e7\u00e3o de entrada em mercados globais. Saiba mais \ud83d\udcb0 Estrutura\u00e7\u00e3o Financeira e Capital Organiza\u00e7\u00e3o financeira e acesso a cr\u00e9dito para crescimento. Saiba mais \ud83d\udcca Planejamento Financeiro Estrutura\u00e7\u00e3o econ\u00f4mica&hellip;","_links":{"self":[{"href":"https:\/\/ratticonsultoria.com.br\/index.php?rest_route=\/wp\/v2\/pages\/3439","targetHints":{"allow":["GET"]}}],"collection":[{"href":"https:\/\/ratticonsultoria.com.br\/index.php?rest_route=\/wp\/v2\/pages"}],"about":[{"href":"https:\/\/ratticonsultoria.com.br\/index.php?rest_route=\/wp\/v2\/types\/page"}],"author":[{"embeddable":true,"href":"https:\/\/ratticonsultoria.com.br\/index.php?rest_route=\/wp\/v2\/users\/1"}],"replies":[{"embeddable":true,"href":"https:\/\/ratticonsultoria.com.br\/index.php?rest_route=%2Fwp%2Fv2%2Fcomments&post=3439"}],"version-history":[{"count":14,"href":"https:\/\/ratticonsultoria.com.br\/index.php?rest_route=\/wp\/v2\/pages\/3439\/revisions"}],"predecessor-version":[{"id":3546,"href":"https:\/\/ratticonsultoria.com.br\/index.php?rest_route=\/wp\/v2\/pages\/3439\/revisions\/3546"}],"wp:attachment":[{"href":"https:\/\/ratticonsultoria.com.br\/index.php?rest_route=%2Fwp%2Fv2%2Fmedia&parent=3439"}],"curies":[{"name":"wp","href":"https:\/\/api.w.org\/{rel}","templated":true}]}}