{"id":3442,"date":"2026-04-02T00:00:23","date_gmt":"2026-04-02T00:00:23","guid":{"rendered":"https:\/\/ratticonsultoria.com.br\/?page_id=3442"},"modified":"2026-04-02T20:32:44","modified_gmt":"2026-04-02T20:32:44","slug":"insights","status":"publish","type":"page","link":"https:\/\/ratticonsultoria.com.br\/?page_id=3442","title":{"rendered":"Insights"},"content":{"rendered":"\t\t<div data-elementor-type=\"wp-post\" data-elementor-id=\"3442\" class=\"elementor elementor-3442\" data-elementor-post-type=\"page\">\n\t\t\t\t<div class=\"elementor-element elementor-element-2412af5 e-flex e-con-boxed wpr-particle-no wpr-jarallax-no wpr-parallax-no wpr-sticky-section-no e-con e-parent\" data-id=\"2412af5\" data-element_type=\"container\" data-e-type=\"container\">\n\t\t\t\t\t<div class=\"e-con-inner\">\n\t\t\t\t<div class=\"elementor-element elementor-element-9f253a1 elementor-widget elementor-widget-html\" data-id=\"9f253a1\" data-element_type=\"widget\" data-e-type=\"widget\" data-widget_type=\"html.default\">\n\t\t\t\t<div class=\"elementor-widget-container\">\n\t\t\t\t\t<style>\r\n.ratti-wrap {\r\n    font-family: 'Montserrat', sans-serif;\r\n}\r\n\r\n\/* HERO *\/\r\n.ratti-hero {\r\n    background: linear-gradient(120deg, #0F2747, #1B365D);\r\n    color: #FFF;\r\n    padding: 120px 5%;\r\n    text-align: center;\r\n}\r\n\r\n.ratti-hero h1 {\r\n    font-size: 42px;\r\n    margin-bottom: 20px;\r\n}\r\n\r\n.ratti-hero p {\r\n    font-size: 20px;\r\n    max-width: 750px;\r\n    margin: 0 auto;\r\n    line-height: 1.7;\r\n}\r\n\r\n\/* IMPACTO *\/\r\n.ratti-impact {\r\n    background: #F8F9FB;\r\n    padding: 90px 5%;\r\n    text-align: center;\r\n}\r\n\r\n.ratti-impact-box {\r\n    background: #FFF;\r\n    padding: 50px;\r\n    border-radius: 12px;\r\n    max-width: 800px;\r\n    margin: auto;\r\n    box-shadow: 0 10px 40px rgba(0,0,0,0.06);\r\n    font-size: 20px;\r\n}\r\n\r\n\/* GRID *\/\r\n.ratti-grid {\r\n    display: flex;\r\n    gap: 30px;\r\n    flex-wrap: wrap;\r\n    padding: 90px 5%;\r\n    max-width: 1200px;\r\n    margin: auto;\r\n}\r\n\r\n.ratti-card {\r\n    flex: 1 1 300px;\r\n    background: #FFF;\r\n    padding: 35px;\r\n    border-radius: 12px;\r\n    box-shadow: 0 8px 30px rgba(0,0,0,0.05);\r\n    transition: 0.3s;\r\n    border-left: 5px solid #C9A24D;\r\n}\r\n\r\n.ratti-card:hover {\r\n    transform: translateY(-8px);\r\n}\r\n\r\n.ratti-card h3 {\r\n    margin-bottom: 15px;\r\n    color: #1B365D;\r\n}\r\n\r\n.ratti-card p {\r\n    color: #4A4A4A;\r\n    line-height: 1.6;\r\n}\r\n\r\n\/* CTA *\/\r\n.ratti-cta {\r\n    background: #1B365D;\r\n    color: #FFF;\r\n    text-align: center;\r\n    padding: 120px 5%;\r\n}\r\n\r\n.ratti-cta h2 {\r\n    font-size: 32px;\r\n    margin-bottom: 30px;\r\n}\r\n\r\n.ratti-cta p {\r\n    max-width: 650px;\r\n    margin: 0 auto 45px auto;\r\n    font-size: 18px;\r\n    line-height: 1.6;\r\n}\r\n\r\n.ratti-btn {\r\n    background: #C9A24D;\r\n    padding: 16px 34px;\r\n    color: #FFF;\r\n    text-decoration: none;\r\n    border-radius: 6px;\r\n    display: inline-block;\r\n    font-weight: 600;\r\n}\r\n<\/style>\r\n\r\n<div class=\"ratti-wrap\">\r\n\r\n<!-- HERO -->\r\n<section class=\"ratti-hero\">\r\n    <h1>Insight Estrat\u00e9gico<\/h1>\r\n    <p>\r\n        Informa\u00e7\u00e3o n\u00e3o gera vantagem.<br>\r\n        Interpreta\u00e7\u00e3o gera poder.<br>\r\n        Estrat\u00e9gia gera resultado.<br><br>\r\n        N\u00f3s lemos o cen\u00e1rio antes do mercado reagir.\r\n    <\/p>\r\n<\/section>\r\n\r\n<!-- IMPACTO -->\r\n<section class=\"ratti-impact\">\r\n    <div class=\"ratti-impact-box\">\r\n        O mercado global n\u00e3o \u00e9 imprevis\u00edvel\u2026<br><br>\r\n        Ele apenas n\u00e3o \u00e9 compreendido pela maioria.<br><br>\r\n        Quem entende movimento, antecipa resultado.\r\n    <\/div>\r\n<\/section>\r\n\r\n<!-- CARDS -->\r\n<section class=\"ratti-grid\">\r\n\r\n    <div class=\"ratti-card\">\r\n        <h3>\ud83c\udf0e Leitura de Cen\u00e1rio Global<\/h3>\r\n        <p>\r\n            An\u00e1lise estrat\u00e9gica de movimentos econ\u00f4micos, geopol\u00edticos e comerciais que impactam diretamente mercados e decis\u00f5es empresariais.\r\n        <\/p>\r\n    <\/div>\r\n\r\n    <div class=\"ratti-card\">\r\n        <h3>\ud83d\udcca Intelig\u00eancia em Commodities<\/h3>\r\n        <p>\r\n            Interpreta\u00e7\u00e3o de tend\u00eancias em soja, milho, a\u00e7\u00facar e outros ativos estrat\u00e9gicos como base para decis\u00f5es comerciais e posicionamento internacional.\r\n        <\/p>\r\n    <\/div>\r\n\r\n    <div class=\"ratti-card\">\r\n        <h3>\u2696\ufe0f Geopol\u00edtica Aplicada<\/h3>\r\n        <p>\r\n            Conflitos, acordos comerciais e rela\u00e7\u00f5es internacionais analisados sob a \u00f3tica de impacto direto nos neg\u00f3cios e cadeias globais.\r\n        <\/p>\r\n    <\/div>\r\n\r\n    <div class=\"ratti-card\">\r\n        <h3>\ud83d\udcb1 Movimentos Cambiais<\/h3>\r\n        <p>\r\n            Leitura estrat\u00e9gica do c\u00e2mbio como fator decisivo de competitividade, margem e risco nas opera\u00e7\u00f5es internacionais.\r\n        <\/p>\r\n    <\/div>\r\n\r\n    <div class=\"ratti-card\">\r\n        <h3>\ud83d\udcc8 Direcionamento Estrat\u00e9gico<\/h3>\r\n        <p>\r\n            Transformamos informa\u00e7\u00e3o em decis\u00e3o: o que fazer, quando agir e como posicionar sua empresa diante do cen\u00e1rio global.\r\n        <\/p>\r\n    <\/div>\r\n\r\n    <div class=\"ratti-card\">\r\n        <h3>\ud83d\ude80 Vis\u00e3o de Futuro<\/h3>\r\n        <p>\r\n            Antecipa\u00e7\u00e3o de tend\u00eancias e oportunidades para empresas que desejam crescer com consist\u00eancia e lideran\u00e7a no mercado internacional.\r\n        <\/p>\r\n    <\/div>\r\n\r\n<\/section>\r\n\r\n<!-- CTA -->\r\n<section class=\"ratti-cta\">\r\n\r\n    <h2>Quem reage ao mercado\u2026<br>chega atrasado.<br><br>Quem entende o mercado\u2026<br>se posiciona antes.<\/h2>\r\n\r\n    <p>\r\n        Informa\u00e7\u00e3o est\u00e1 dispon\u00edvel para todos.<br>\r\n        Mas dire\u00e7\u00e3o estrat\u00e9gica \u00e9 para poucos.\r\n    <\/p>\r\n\r\n    <a href=\"https:\/\/wa.me\/+5519981988048\" class=\"ratti-btn\">\r\n        Acessar intelig\u00eancia estrat\u00e9gica\r\n    <\/a>\r\n\r\n<\/section>\r\n\r\n<\/div>\t\t\t\t<\/div>\n\t\t\t\t<\/div>\n\t\t\t\t\t<\/div>\n\t\t\t\t<\/div>\n\t\t\t\t<\/div>\n\t\t","protected":false},"excerpt":{"rendered":"<p>Insight Estrat\u00e9gico Informa\u00e7\u00e3o n\u00e3o gera vantagem. Interpreta\u00e7\u00e3o gera poder. Estrat\u00e9gia gera resultado. N\u00f3s lemos o cen\u00e1rio antes do mercado reagir. O mercado global n\u00e3o \u00e9 imprevis\u00edvel\u2026 Ele apenas n\u00e3o \u00e9 compreendido pela maioria. Quem entende movimento, antecipa resultado. \ud83c\udf0e Leitura de Cen\u00e1rio Global An\u00e1lise estrat\u00e9gica de movimentos econ\u00f4micos, geopol\u00edticos e comerciais que impactam diretamente mercados e decis\u00f5es empresariais. \ud83d\udcca Intelig\u00eancia em Commodities Interpreta\u00e7\u00e3o de tend\u00eancias em soja, milho, a\u00e7\u00facar e outros ativos estrat\u00e9gicos como base para decis\u00f5es comerciais e posicionamento internacional. \u2696\ufe0f Geopol\u00edtica Aplicada Conflitos, acordos comerciais e rela\u00e7\u00f5es internacionais analisados sob a \u00f3tica de impacto direto nos neg\u00f3cios e cadeias globais. \ud83d\udcb1 Movimentos Cambiais Leitura estrat\u00e9gica do c\u00e2mbio como fator decisivo de competitividade, margem e risco nas opera\u00e7\u00f5es internacionais. \ud83d\udcc8 Direcionamento Estrat\u00e9gico Transformamos informa\u00e7\u00e3o em decis\u00e3o: o que fazer, quando agir e como posicionar sua empresa diante do cen\u00e1rio global. \ud83d\ude80 Vis\u00e3o de Futuro Antecipa\u00e7\u00e3o de tend\u00eancias e oportunidades para empresas que desejam crescer com consist\u00eancia e lideran\u00e7a no mercado internacional. Quem reage ao mercado\u2026chega atrasado. Quem entende o mercado\u2026se posiciona antes. Informa\u00e7\u00e3o est\u00e1 dispon\u00edvel para todos. Mas dire\u00e7\u00e3o estrat\u00e9gica \u00e9 para poucos. Acessar intelig\u00eancia estrat\u00e9gica<\/p>\n","protected":false},"author":1,"featured_media":0,"parent":0,"menu_order":0,"comment_status":"closed","ping_status":"closed","template":"elementor_header_footer","meta":{"_eb_attr":"","_uag_custom_page_level_css":"","site-sidebar-layout":"no-sidebar","site-content-layout":"page-builder","ast-site-content-layout":"default","site-content-style":"default","site-sidebar-style":"default","ast-global-header-display":"","ast-banner-title-visibility":"","ast-main-header-display":"","ast-hfb-above-header-display":"","ast-hfb-below-header-display":"","ast-hfb-mobile-header-display":"","site-post-title":"disabled","ast-breadcrumbs-content":"","ast-featured-img":"disabled","footer-sml-layout":"","ast-disable-related-posts":"","theme-transparent-header-meta":"enabled","adv-header-id-meta":"","stick-header-meta":"","header-above-stick-meta":"","header-main-stick-meta":"","header-below-stick-meta":"","astra-migrate-meta-layouts":"default","ast-page-background-enabled":"default","ast-page-background-meta":{"desktop":{"background-color":"","background-image":"","background-repeat":"repeat","background-position":"center center","background-size":"auto","background-attachment":"scroll","background-type":"","background-media":"","overlay-type":"","overlay-color":"","overlay-opacity":"","overlay-gradient":""},"tablet":{"background-color":"","background-image":"","background-repeat":"repeat","background-position":"center center","background-size":"auto","background-attachment":"scroll","background-type":"","background-media":"","overlay-type":"","overlay-color":"","overlay-opacity":"","overlay-gradient":""},"mobile":{"background-color":"","background-image":"","background-repeat":"repeat","background-position":"center center","background-size":"auto","background-attachment":"scroll","background-type":"","background-media":"","overlay-type":"","overlay-color":"","overlay-opacity":"","overlay-gradient":""}},"ast-content-background-meta":{"desktop":{"background-color":"var(--ast-global-color-5)","background-image":"","background-repeat":"repeat","background-position":"center center","background-size":"auto","background-attachment":"scroll","background-type":"","background-media":"","overlay-type":"","overlay-color":"","overlay-opacity":"","overlay-gradient":""},"tablet":{"background-color":"var(--ast-global-color-5)","background-image":"","background-repeat":"repeat","background-position":"center center","background-size":"auto","background-attachment":"scroll","background-type":"","background-media":"","overlay-type":"","overlay-color":"","overlay-opacity":"","overlay-gradient":""},"mobile":{"background-color":"var(--ast-global-color-5)","background-image":"","background-repeat":"repeat","background-position":"center center","background-size":"auto","background-attachment":"scroll","background-type":"","background-media":"","overlay-type":"","overlay-color":"","overlay-opacity":"","overlay-gradient":""}},"footnotes":""},"class_list":["post-3442","page","type-page","status-publish","hentry"],"uagb_featured_image_src":{"full":false,"thumbnail":false,"medium":false,"medium_large":false,"large":false,"1536x1536":false,"2048x2048":false},"uagb_author_info":{"display_name":"augusto.rfilho","author_link":"https:\/\/ratticonsultoria.com.br\/?author=1"},"uagb_comment_info":0,"uagb_excerpt":"Insight Estrat\u00e9gico Informa\u00e7\u00e3o n\u00e3o gera vantagem. Interpreta\u00e7\u00e3o gera poder. Estrat\u00e9gia gera resultado. N\u00f3s lemos o cen\u00e1rio antes do mercado reagir. O mercado global n\u00e3o \u00e9 imprevis\u00edvel\u2026 Ele apenas n\u00e3o \u00e9 compreendido pela maioria. Quem entende movimento, antecipa resultado. \ud83c\udf0e Leitura de Cen\u00e1rio Global An\u00e1lise estrat\u00e9gica de movimentos econ\u00f4micos, geopol\u00edticos e comerciais que impactam diretamente mercados&hellip;","_links":{"self":[{"href":"https:\/\/ratticonsultoria.com.br\/index.php?rest_route=\/wp\/v2\/pages\/3442","targetHints":{"allow":["GET"]}}],"collection":[{"href":"https:\/\/ratticonsultoria.com.br\/index.php?rest_route=\/wp\/v2\/pages"}],"about":[{"href":"https:\/\/ratticonsultoria.com.br\/index.php?rest_route=\/wp\/v2\/types\/page"}],"author":[{"embeddable":true,"href":"https:\/\/ratticonsultoria.com.br\/index.php?rest_route=\/wp\/v2\/users\/1"}],"replies":[{"embeddable":true,"href":"https:\/\/ratticonsultoria.com.br\/index.php?rest_route=%2Fwp%2Fv2%2Fcomments&post=3442"}],"version-history":[{"count":4,"href":"https:\/\/ratticonsultoria.com.br\/index.php?rest_route=\/wp\/v2\/pages\/3442\/revisions"}],"predecessor-version":[{"id":3542,"href":"https:\/\/ratticonsultoria.com.br\/index.php?rest_route=\/wp\/v2\/pages\/3442\/revisions\/3542"}],"wp:attachment":[{"href":"https:\/\/ratticonsultoria.com.br\/index.php?rest_route=%2Fwp%2Fv2%2Fmedia&parent=3442"}],"curies":[{"name":"wp","href":"https:\/\/api.w.org\/{rel}","templated":true}]}}