{"id":3444,"date":"2026-04-02T00:00:28","date_gmt":"2026-04-02T00:00:28","guid":{"rendered":"https:\/\/ratticonsultoria.com.br\/?page_id=3444"},"modified":"2026-04-02T19:38:10","modified_gmt":"2026-04-02T19:38:10","slug":"strategy-and-international-expansion","status":"publish","type":"page","link":"https:\/\/ratticonsultoria.com.br\/?page_id=3444","title":{"rendered":"Estrat\u00e9gia e Expans\u00e3o Internacional"},"content":{"rendered":"\t\t<div data-elementor-type=\"wp-post\" data-elementor-id=\"3444\" class=\"elementor elementor-3444\" data-elementor-post-type=\"page\">\n\t\t\t\t<div class=\"elementor-element elementor-element-b12e356 e-flex e-con-boxed wpr-particle-no wpr-jarallax-no wpr-parallax-no wpr-sticky-section-no e-con e-parent\" data-id=\"b12e356\" data-element_type=\"container\" data-e-type=\"container\">\n\t\t\t\t\t<div class=\"e-con-inner\">\n\t\t\t\t<div class=\"elementor-element elementor-element-b1fb547 elementor-widget elementor-widget-html\" data-id=\"b1fb547\" data-element_type=\"widget\" data-e-type=\"widget\" data-widget_type=\"html.default\">\n\t\t\t\t<div class=\"elementor-widget-container\">\n\t\t\t\t\t<style>\r\n\/* MESMO CSS \u2014 exatamente igual *\/\r\n.ratti-wrap { font-family: 'Montserrat', sans-serif; }\r\n.ratti-hero { background: linear-gradient(120deg, #0F2747, #1B365D); color:#FFF; padding:120px 5%; text-align:center;}\r\n.ratti-hero h1 { font-size:42px; margin-bottom:20px;}\r\n.ratti-hero p { font-size:20px; max-width:750px; margin:auto; line-height:1.7;}\r\n.ratti-impact { background:#F8F9FB; padding:90px 5%; text-align:center;}\r\n.ratti-impact-box { background:#FFF; padding:50px; border-radius:12px; max-width:800px; margin:auto; box-shadow:0 10px 40px rgba(0,0,0,0.06); font-size:20px;}\r\n.ratti-grid { display:flex; gap:30px; flex-wrap:wrap; padding:90px 5%; max-width:1200px; margin:auto;}\r\n.ratti-card { flex:1 1 300px; background:#FFF; padding:35px; border-radius:12px; box-shadow:0 8px 30px rgba(0,0,0,0.05); border-left:5px solid #C9A24D;}\r\n.ratti-card:hover { transform: translateY(-8px);}\r\n.ratti-card h3 { color:#1B365D;}\r\n.ratti-card p { color:#4A4A4A;}\r\n.ratti-cta { background:#1B365D; color:#FFF; text-align:center; padding:120px 5%;}\r\n.ratti-cta h2 { font-size:32px; margin-bottom:30px;}\r\n.ratti-cta p { max-width:650px; margin:0 auto 45px auto; font-size:18px;}\r\n.ratti-btn { background:#C9A24D; padding:16px 34px; color:#FFF; text-decoration:none; border-radius:6px;}\r\n<\/style>\r\n\r\n<div class=\"ratti-wrap\">\r\n\r\n<section class=\"ratti-hero\">\r\n    <h1>Expans\u00e3o Internacional<\/h1>\r\n    <p>\r\n        Internacionalizar n\u00e3o \u00e9 oportunidade.<br>\r\n        \u00c9 decis\u00e3o estrat\u00e9gica.<br>\r\n        \u00c9 jogar em outro n\u00edvel.\r\n    <\/p>\r\n<\/section>\r\n\r\n<section class=\"ratti-impact\">\r\n    <div class=\"ratti-impact-box\">\r\n        Expandir sem estrutura global\u2026<br><br>\r\n        n\u00e3o \u00e9 crescimento.<br>\r\n        \u00c9 risco ampliado.\r\n    <\/div>\r\n<\/section>\r\n\r\n<section class=\"ratti-grid\">\r\n\r\n    <div class=\"ratti-card\">\r\n        <h3>\ud83d\ude80 Estrat\u00e9gia Global<\/h3>\r\n        <p>Defini\u00e7\u00e3o de mercados e posicionamento com vis\u00e3o internacional.<\/p>\r\n    <\/div>\r\n\r\n    <div class=\"ratti-card\">\r\n        <h3>\ud83d\ude80 Estrutura Internacional<\/h3>\r\n        <p>Base operacional, financeira e estrat\u00e9gica fora do Brasil.<\/p>\r\n    <\/div>\r\n\r\n    <div class=\"ratti-card\">\r\n        <h3>\ud83d\ude80 Conex\u00f5es Estrat\u00e9gicas<\/h3>\r\n        <p>Acesso a mercados, parceiros e oportunidades reais.<\/p>\r\n    <\/div>\r\n\r\n    <div class=\"ratti-card\">\r\n        <h3>\ud83d\ude80 Execu\u00e7\u00e3o Assistida<\/h3>\r\n        <p>Acompanhamento completo para reduzir riscos e acelerar resultados.<\/p>\r\n    <\/div>\r\n\r\n<\/section>\r\n\r\n<section class=\"ratti-cta\">\r\n\r\n    <h2>Expandir n\u00e3o \u00e9 ir para fora.<br><br>\u00c9 estar preparado para competir l\u00e1 fora.<\/h2>\r\n\r\n    <p>\r\n        O mercado internacional n\u00e3o premia tentativa.<br>\r\n        Ele responde \u00e0 estrat\u00e9gia.\r\n    <\/p>\r\n\r\n    <a href=\"https:\/\/wa.me\/+5519981988048\" class=\"ratti-btn\">\r\n        Expandir com estrat\u00e9gia\r\n    <\/a>\r\n\r\n<\/section>\r\n\r\n<\/div>\t\t\t\t<\/div>\n\t\t\t\t<\/div>\n\t\t\t\t\t<\/div>\n\t\t\t\t<\/div>\n\t\t<div class=\"elementor-element elementor-element-8eca6bd e-flex e-con-boxed wpr-particle-no wpr-jarallax-no wpr-parallax-no wpr-sticky-section-no e-con e-parent\" data-id=\"8eca6bd\" data-element_type=\"container\" data-e-type=\"container\" data-settings=\"{&quot;background_background&quot;:&quot;classic&quot;}\">\n\t\t\t\t\t<div class=\"e-con-inner\">\n\t\t\t\t<div class=\"elementor-element elementor-element-df19aa1 elementor-widget elementor-widget-html\" data-id=\"df19aa1\" data-element_type=\"widget\" data-e-type=\"widget\" data-widget_type=\"html.default\">\n\t\t\t\t<div class=\"elementor-widget-container\">\n\t\t\t\t\t<style>\r\n.ratti-section-3 {\r\nbackground: #1B365D;\r\npadding: 100px 5%;\r\nfont-family: 'Montserrat', sans-serif;\r\n}\r\n\r\n.ratti-container-3 {\r\nmax-width: 900px;\r\nmargin: 0 auto;\r\ntext-align: center;\r\n}\r\n\r\n.ratti-section-3 h2 {\r\nfont-size: 32px;\r\nfont-weight: 700;\r\nmargin-bottom: 40px;\r\ncolor: #ffffff;\r\n}\r\n\r\n.ratti-section-3 p {\r\nfont-size: 17px;\r\nline-height: 1.8;\r\ncolor: #ffffff;\r\nmargin-bottom: 40px;\r\n}\r\n\r\n.ratti-list {\r\ntext-align: left;\r\nmax-width: 700px;\r\nmargin: 0 auto;\r\n}\r\n\r\n.ratti-list li {\r\nfont-size: 16px;\r\nmargin-bottom: 18px;\r\ncolor: #ffffff;\r\n}\r\n<\/style>\r\n\r\n<section class=\"ratti-section-3\">\r\n<div class=\"ratti-container-3\">\r\n<h2>Para empresas que querem internacionalizar com estrutura<\/h2>\r\n\r\n<p>\r\nAtendemos organiza\u00e7\u00f5es que compreendem que exportar n\u00e3o \u00e9 apenas vender,\r\nmas estruturar uma opera\u00e7\u00e3o internacional s\u00f3lida, regulamentada e estrategicamente posicionada.\r\n<\/p>\r\n\r\n<ul class=\"ratti-list\">\r\n<li>Ind\u00fastrias de alimentos e bebidas que desejam acessar mercados internacionais<\/li>\r\n<li>Empresas que precisam regularizar opera\u00e7\u00f5es de com\u00e9rcio exterior<\/li>\r\n<li>Marcas que buscam entrada estruturada no mercado americano<\/li>\r\n<li>Empresas estrangeiras interessadas em operar no Brasil com seguran\u00e7a regulat\u00f3ria<\/li>\r\n<\/ul>\r\n<\/div>\r\n<\/section>\r\n\r\n\t\t\t\t<\/div>\n\t\t\t\t<\/div>\n\t\t\t\t\t<\/div>\n\t\t\t\t<\/div>\n\t\t\t\t<section class=\"elementor-section elementor-top-section elementor-element elementor-element-4863px2 elementor-section-content-middle elementor-section-full_width elementor-section-height-default elementor-section-height-default wpr-particle-no wpr-jarallax-no wpr-parallax-no wpr-sticky-section-no\" data-id=\"4863px2\" data-element_type=\"section\" data-e-type=\"section\" data-settings=\"{&quot;background_background&quot;:&quot;classic&quot;}\">\n\t\t\t\t\t\t\t<div class=\"elementor-background-overlay\"><\/div>\n\t\t\t\t\t\t\t<div class=\"elementor-container elementor-column-gap-no\">\n\t\t\t\t\t<div class=\"elementor-column elementor-col-50 elementor-top-column elementor-element elementor-element-47d11e6\" data-id=\"47d11e6\" data-element_type=\"column\" data-e-type=\"column\">\n\t\t\t<div class=\"elementor-widget-wrap elementor-element-populated\">\n\t\t\t\t\t\t<div class=\"elementor-element elementor-element-0b62b3b elementor-widget elementor-widget-video\" data-id=\"0b62b3b\" data-element_type=\"widget\" data-e-type=\"widget\" data-settings=\"{&quot;video_type&quot;:&quot;hosted&quot;,&quot;autoplay&quot;:&quot;yes&quot;,&quot;play_on_mobile&quot;:&quot;yes&quot;,&quot;loop&quot;:&quot;yes&quot;}\" data-widget_type=\"video.default\">\n\t\t\t\t<div class=\"elementor-widget-container\">\n\t\t\t\t\t\t\t<div class=\"e-hosted-video elementor-wrapper elementor-open-inline\">\n\t\t\t\t\t<video class=\"elementor-video\" src=\"https:\/\/ratticonsultoria.com.br\/wp-content\/uploads\/2025\/11\/Business-Consulting-Specialist-in-Brazil.mp4\" autoplay=\"\" loop=\"\" playsinline=\"\" controlsList=\"nodownload\"><\/video>\n\t\t\t\t<\/div>\n\t\t\t\t\t\t<\/div>\n\t\t\t\t<\/div>\n\t\t\t\t\t<\/div>\n\t\t<\/div>\n\t\t\t\t<div class=\"elementor-column elementor-col-50 elementor-top-column elementor-element elementor-element-e68dcfe\" data-id=\"e68dcfe\" data-element_type=\"column\" data-e-type=\"column\">\n\t\t\t<div class=\"elementor-widget-wrap elementor-element-populated\">\n\t\t\t\t\t\t<div class=\"elementor-element elementor-element-a0ce042 elementor-widget elementor-widget-heading\" data-id=\"a0ce042\" data-element_type=\"widget\" data-e-type=\"widget\" data-widget_type=\"heading.default\">\n\t\t\t\t<div class=\"elementor-widget-container\">\n\t\t\t\t\t<h5 class=\"elementor-heading-title elementor-size-default\">Entre em Contato <\/h5>\t\t\t\t<\/div>\n\t\t\t\t<\/div>\n\t\t\t\t<div class=\"elementor-element elementor-element-ff0f137 elementor-widget elementor-widget-heading\" data-id=\"ff0f137\" data-element_type=\"widget\" data-e-type=\"widget\" data-widget_type=\"heading.default\">\n\t\t\t\t<div class=\"elementor-widget-container\">\n\t\t\t\t\t<h2 class=\"elementor-heading-title elementor-size-default\">Suporte no Brasil, para empresas Estrangeiras! \n\n<\/h2>\t\t\t\t<\/div>\n\t\t\t\t<\/div>\n\t\t\t\t<div class=\"elementor-element elementor-element-72da1a5 elementor-widget elementor-widget-text-editor\" data-id=\"72da1a5\" data-element_type=\"widget\" data-e-type=\"widget\" data-widget_type=\"text-editor.default\">\n\t\t\t\t<div class=\"elementor-widget-container\">\n\t\t\t\t\t\t\t\t\t<p><strong data-start=\"685\" data-end=\"726\">Expandir fronteiras exige estrat\u00e9gia.<\/strong><br data-start=\"726\" data-end=\"729\" \/>Apoiamos empresas\u00a0 que buscam novos mercados e investidores internacionais que acreditam no potencial do Brasil. Atuamos com intelig\u00eancia de mercado, seguran\u00e7a e vis\u00e3o estrat\u00e9gica para transformar oportunidades em resultados concretos.<\/p>\t\t\t\t\t\t\t\t<\/div>\n\t\t\t\t<\/div>\n\t\t\t\t<div class=\"elementor-element elementor-element-a6dde25 elementor-align-left elementor-widget elementor-widget-button\" data-id=\"a6dde25\" data-element_type=\"widget\" data-e-type=\"widget\" data-widget_type=\"button.default\">\n\t\t\t\t<div class=\"elementor-widget-container\">\n\t\t\t\t\t\t\t\t\t<div class=\"elementor-button-wrapper\">\n\t\t\t\t\t<a class=\"elementor-button elementor-button-link elementor-size-sm\" href=\"https:\/\/wa.me\/+5519981988048\">\n\t\t\t\t\t\t<span class=\"elementor-button-content-wrapper\">\n\t\t\t\t\t\t<span class=\"elementor-button-icon\">\n\t\t\t\t<svg aria-hidden=\"true\" class=\"e-font-icon-svg e-fab-whatsapp\" viewBox=\"0 0 448 512\" xmlns=\"http:\/\/www.w3.org\/2000\/svg\"><path d=\"M380.9 97.1C339 55.1 283.2 32 223.9 32c-122.4 0-222 99.6-222 222 0 39.1 10.2 77.3 29.6 111L0 480l117.7-30.9c32.4 17.7 68.9 27 106.1 27h.1c122.3 0 224.1-99.6 224.1-222 0-59.3-25.2-115-67.1-157zm-157 341.6c-33.2 0-65.7-8.9-94-25.7l-6.7-4-69.8 18.3L72 359.2l-4.4-7c-18.5-29.4-28.2-63.3-28.2-98.2 0-101.7 82.8-184.5 184.6-184.5 49.3 0 95.6 19.2 130.4 54.1 34.8 34.9 56.2 81.2 56.1 130.5 0 101.8-84.9 184.6-186.6 184.6zm101.2-138.2c-5.5-2.8-32.8-16.2-37.9-18-5.1-1.9-8.8-2.8-12.5 2.8-3.7 5.6-14.3 18-17.6 21.8-3.2 3.7-6.5 4.2-12 1.4-32.6-16.3-54-29.1-75.5-66-5.7-9.8 5.7-9.1 16.3-30.3 1.8-3.7.9-6.9-.5-9.7-1.4-2.8-12.5-30.1-17.1-41.2-4.5-10.8-9.1-9.3-12.5-9.5-3.2-.2-6.9-.2-10.6-.2-3.7 0-9.7 1.4-14.8 6.9-5.1 5.6-19.4 19-19.4 46.3 0 27.3 19.9 53.7 22.6 57.4 2.8 3.7 39.1 59.7 94.8 83.8 35.2 15.2 49 16.5 66.6 13.9 10.7-1.6 32.8-13.4 37.4-26.4 4.6-13 4.6-24.1 3.2-26.4-1.3-2.5-5-3.9-10.5-6.6z\"><\/path><\/svg>\t\t\t<\/span>\n\t\t\t\t\t\t\t\t\t<span class=\"elementor-button-text\">Contato<\/span>\n\t\t\t\t\t<\/span>\n\t\t\t\t\t<\/a>\n\t\t\t\t<\/div>\n\t\t\t\t\t\t\t\t<\/div>\n\t\t\t\t<\/div>\n\t\t\t\t\t<\/div>\n\t\t<\/div>\n\t\t\t\t\t<\/div>\n\t\t<\/section>\n\t\t\t\t<\/div>\n\t\t","protected":false},"excerpt":{"rendered":"<p>Expans\u00e3o Internacional Internacionalizar n\u00e3o \u00e9 oportunidade. \u00c9 decis\u00e3o estrat\u00e9gica. \u00c9 jogar em outro n\u00edvel. Expandir sem estrutura global\u2026 n\u00e3o \u00e9 crescimento. \u00c9 risco ampliado. \ud83d\ude80 Estrat\u00e9gia Global Defini\u00e7\u00e3o de mercados e posicionamento com vis\u00e3o internacional. \ud83d\ude80 Estrutura Internacional Base operacional, financeira e estrat\u00e9gica fora do Brasil. \ud83d\ude80 Conex\u00f5es Estrat\u00e9gicas Acesso a mercados, parceiros e oportunidades reais. \ud83d\ude80 Execu\u00e7\u00e3o Assistida Acompanhamento completo para reduzir riscos e acelerar resultados. Expandir n\u00e3o \u00e9 ir para fora. \u00c9 estar preparado para competir l\u00e1 fora. O mercado internacional n\u00e3o premia tentativa. Ele responde \u00e0 estrat\u00e9gia. Expandir com estrat\u00e9gia Para empresas que querem internacionalizar com estrutura Atendemos organiza\u00e7\u00f5es que compreendem que exportar n\u00e3o \u00e9 apenas vender, mas estruturar uma opera\u00e7\u00e3o internacional s\u00f3lida, regulamentada e estrategicamente posicionada. Ind\u00fastrias de alimentos e bebidas que desejam acessar mercados internacionais Empresas que precisam regularizar opera\u00e7\u00f5es de com\u00e9rcio exterior Marcas que buscam entrada estruturada no mercado americano Empresas estrangeiras interessadas em operar no Brasil com seguran\u00e7a regulat\u00f3ria https:\/\/ratticonsultoria.com.br\/wp-content\/uploads\/2025\/11\/Business-Consulting-Specialist-in-Brazil.mp4 Entre em Contato Suporte no Brasil, para empresas Estrangeiras! Expandir fronteiras exige estrat\u00e9gia.Apoiamos empresas\u00a0 que buscam novos mercados e investidores internacionais que acreditam no potencial do Brasil. Atuamos com intelig\u00eancia de mercado, seguran\u00e7a e vis\u00e3o estrat\u00e9gica para transformar oportunidades em resultados concretos. Contato<\/p>\n","protected":false},"author":1,"featured_media":0,"parent":21,"menu_order":0,"comment_status":"closed","ping_status":"closed","template":"elementor_header_footer","meta":{"_eb_attr":"","_uag_custom_page_level_css":"","site-sidebar-layout":"no-sidebar","site-content-layout":"page-builder","ast-site-content-layout":"default","site-content-style":"default","site-sidebar-style":"default","ast-global-header-display":"","ast-banner-title-visibility":"","ast-main-header-display":"","ast-hfb-above-header-display":"","ast-hfb-below-header-display":"","ast-hfb-mobile-header-display":"","site-post-title":"disabled","ast-breadcrumbs-content":"","ast-featured-img":"disabled","footer-sml-layout":"","ast-disable-related-posts":"","theme-transparent-header-meta":"enabled","adv-header-id-meta":"","stick-header-meta":"","header-above-stick-meta":"","header-main-stick-meta":"","header-below-stick-meta":"","astra-migrate-meta-layouts":"default","ast-page-background-enabled":"default","ast-page-background-meta":{"desktop":{"background-color":"","background-image":"","background-repeat":"repeat","background-position":"center center","background-size":"auto","background-attachment":"scroll","background-type":"","background-media":"","overlay-type":"","overlay-color":"","overlay-opacity":"","overlay-gradient":""},"tablet":{"background-color":"","background-image":"","background-repeat":"repeat","background-position":"center center","background-size":"auto","background-attachment":"scroll","background-type":"","background-media":"","overlay-type":"","overlay-color":"","overlay-opacity":"","overlay-gradient":""},"mobile":{"background-color":"","background-image":"","background-repeat":"repeat","background-position":"center center","background-size":"auto","background-attachment":"scroll","background-type":"","background-media":"","overlay-type":"","overlay-color":"","overlay-opacity":"","overlay-gradient":""}},"ast-content-background-meta":{"desktop":{"background-color":"var(--ast-global-color-5)","background-image":"","background-repeat":"repeat","background-position":"center center","background-size":"auto","background-attachment":"scroll","background-type":"","background-media":"","overlay-type":"","overlay-color":"","overlay-opacity":"","overlay-gradient":""},"tablet":{"background-color":"var(--ast-global-color-5)","background-image":"","background-repeat":"repeat","background-position":"center center","background-size":"auto","background-attachment":"scroll","background-type":"","background-media":"","overlay-type":"","overlay-color":"","overlay-opacity":"","overlay-gradient":""},"mobile":{"background-color":"var(--ast-global-color-5)","background-image":"","background-repeat":"repeat","background-position":"center center","background-size":"auto","background-attachment":"scroll","background-type":"","background-media":"","overlay-type":"","overlay-color":"","overlay-opacity":"","overlay-gradient":""}},"footnotes":""},"class_list":["post-3444","page","type-page","status-publish","hentry"],"uagb_featured_image_src":{"full":false,"thumbnail":false,"medium":false,"medium_large":false,"large":false,"1536x1536":false,"2048x2048":false},"uagb_author_info":{"display_name":"augusto.rfilho","author_link":"https:\/\/ratticonsultoria.com.br\/?author=1"},"uagb_comment_info":0,"uagb_excerpt":"Expans\u00e3o Internacional Internacionalizar n\u00e3o \u00e9 oportunidade. \u00c9 decis\u00e3o estrat\u00e9gica. \u00c9 jogar em outro n\u00edvel. Expandir sem estrutura global\u2026 n\u00e3o \u00e9 crescimento. \u00c9 risco ampliado. \ud83d\ude80 Estrat\u00e9gia Global Defini\u00e7\u00e3o de mercados e posicionamento com vis\u00e3o internacional. \ud83d\ude80 Estrutura Internacional Base operacional, financeira e estrat\u00e9gica fora do Brasil. \ud83d\ude80 Conex\u00f5es Estrat\u00e9gicas Acesso a mercados, parceiros e oportunidades&hellip;","_links":{"self":[{"href":"https:\/\/ratticonsultoria.com.br\/index.php?rest_route=\/wp\/v2\/pages\/3444","targetHints":{"allow":["GET"]}}],"collection":[{"href":"https:\/\/ratticonsultoria.com.br\/index.php?rest_route=\/wp\/v2\/pages"}],"about":[{"href":"https:\/\/ratticonsultoria.com.br\/index.php?rest_route=\/wp\/v2\/types\/page"}],"author":[{"embeddable":true,"href":"https:\/\/ratticonsultoria.com.br\/index.php?rest_route=\/wp\/v2\/users\/1"}],"replies":[{"embeddable":true,"href":"https:\/\/ratticonsultoria.com.br\/index.php?rest_route=%2Fwp%2Fv2%2Fcomments&post=3444"}],"version-history":[{"count":4,"href":"https:\/\/ratticonsultoria.com.br\/index.php?rest_route=\/wp\/v2\/pages\/3444\/revisions"}],"predecessor-version":[{"id":3493,"href":"https:\/\/ratticonsultoria.com.br\/index.php?rest_route=\/wp\/v2\/pages\/3444\/revisions\/3493"}],"up":[{"embeddable":true,"href":"https:\/\/ratticonsultoria.com.br\/index.php?rest_route=\/wp\/v2\/pages\/21"}],"wp:attachment":[{"href":"https:\/\/ratticonsultoria.com.br\/index.php?rest_route=%2Fwp%2Fv2%2Fmedia&parent=3444"}],"curies":[{"name":"wp","href":"https:\/\/api.w.org\/{rel}","templated":true}]}}