{"id":3450,"date":"2026-04-02T00:00:15","date_gmt":"2026-04-02T00:00:15","guid":{"rendered":"https:\/\/ratticonsultoria.com.br\/?page_id=3450"},"modified":"2026-04-02T20:20:25","modified_gmt":"2026-04-02T20:20:25","slug":"foreign-trade","status":"publish","type":"page","link":"https:\/\/ratticonsultoria.com.br\/?page_id=3450","title":{"rendered":"Com\u00e9rcio Exterior"},"content":{"rendered":"\t\t<div data-elementor-type=\"wp-post\" data-elementor-id=\"3450\" class=\"elementor elementor-3450\" data-elementor-post-type=\"page\">\n\t\t\t\t<div class=\"elementor-element elementor-element-2e2edee e-flex e-con-boxed wpr-particle-no wpr-jarallax-no wpr-parallax-no wpr-sticky-section-no e-con e-parent\" data-id=\"2e2edee\" data-element_type=\"container\" data-e-type=\"container\">\n\t\t\t\t\t<div class=\"e-con-inner\">\n\t\t\t\t<div class=\"elementor-element elementor-element-23938ef elementor-widget elementor-widget-html\" data-id=\"23938ef\" data-element_type=\"widget\" data-e-type=\"widget\" data-widget_type=\"html.default\">\n\t\t\t\t<div class=\"elementor-widget-container\">\n\t\t\t\t\t<style>\r\n.ratti-wrap {\r\n    font-family: 'Montserrat', sans-serif;\r\n}\r\n\r\n\/* HERO *\/\r\n.ratti-hero {\r\n    background: linear-gradient(120deg, #0F2747, #1B365D);\r\n    color: #FFF;\r\n    padding: 120px 5%;\r\n    text-align: center;\r\n}\r\n\r\n.ratti-hero h1 {\r\n    font-size: 42px;\r\n    margin-bottom: 20px;\r\n}\r\n\r\n.ratti-hero p {\r\n    font-size: 20px;\r\n    max-width: 750px;\r\n    margin: 0 auto;\r\n    line-height: 1.7;\r\n}\r\n\r\n\/* IMPACTO *\/\r\n.ratti-impact {\r\n    background: #F8F9FB;\r\n    padding: 90px 5%;\r\n    text-align: center;\r\n}\r\n\r\n.ratti-impact-box {\r\n    background: #FFF;\r\n    padding: 50px;\r\n    border-radius: 12px;\r\n    max-width: 800px;\r\n    margin: auto;\r\n    box-shadow: 0 10px 40px rgba(0,0,0,0.06);\r\n    font-size: 20px;\r\n}\r\n\r\n\/* GRID *\/\r\n.ratti-grid {\r\n    display: flex;\r\n    gap: 30px;\r\n    flex-wrap: wrap;\r\n    padding: 90px 5%;\r\n    max-width: 1200px;\r\n    margin: auto;\r\n}\r\n\r\n.ratti-card {\r\n    flex: 1 1 300px;\r\n    background: #FFF;\r\n    padding: 35px;\r\n    border-radius: 12px;\r\n    box-shadow: 0 8px 30px rgba(0,0,0,0.05);\r\n    transition: 0.3s;\r\n    border-left: 5px solid #C9A24D;\r\n}\r\n\r\n.ratti-card:hover {\r\n    transform: translateY(-8px);\r\n}\r\n\r\n.ratti-card h3 {\r\n    margin-bottom: 15px;\r\n    color: #1B365D;\r\n}\r\n\r\n.ratti-card p {\r\n    color: #4A4A4A;\r\n    line-height: 1.6;\r\n}\r\n\r\n\/* CTA *\/\r\n.ratti-cta {\r\n    background: #1B365D;\r\n    color: #FFF;\r\n    text-align: center;\r\n    padding: 120px 5%;\r\n}\r\n\r\n.ratti-cta h2 {\r\n    font-size: 32px;\r\n    margin-bottom: 30px;\r\n}\r\n\r\n.ratti-cta p {\r\n    max-width: 650px;\r\n    margin: 0 auto 45px auto;\r\n    font-size: 18px;\r\n    line-height: 1.6;\r\n}\r\n\r\n.ratti-btn {\r\n    background: #C9A24D;\r\n    padding: 16px 34px;\r\n    color: #FFF;\r\n    text-decoration: none;\r\n    border-radius: 6px;\r\n    display: inline-block;\r\n    font-weight: 600;\r\n}\r\n<\/style>\r\n\r\n<div class=\"ratti-wrap\">\r\n\r\n<!-- HERO -->\r\n<section class=\"ratti-hero\">\r\n    <h1>Com\u00e9rcio Exterior<\/h1>\r\n    <p>\r\n        Exportar n\u00e3o \u00e9 enviar produto.<br>\r\n        \u00c9 estruturar opera\u00e7\u00e3o.<br>\r\n        \u00c9 dominar mercado.<br>\r\n        \u00c9 pensar global.\r\n    <\/p>\r\n<\/section>\r\n\r\n<!-- IMPACTO -->\r\n<section class=\"ratti-impact\">\r\n    <div class=\"ratti-impact-box\">\r\n        A maioria das empresas perde dinheiro no internacional\u2026<br><br>\r\n        N\u00e3o por falta de demanda;<br>\r\n        mas por falta de estrat\u00e9gia, estrutura e dire\u00e7\u00e3o.\r\n    <\/div>\r\n<\/section>\r\n\r\n<!-- CARDS -->\r\n<section class=\"ratti-grid\">\r\n\r\n    <div class=\"ratti-card\">\r\n        <h3>\ud83c\udf0d Estrat\u00e9gia de Entrada<\/h3>\r\n        <p>\r\n            Defini\u00e7\u00e3o de mercados, canais e posicionamento internacional com intelig\u00eancia competitiva e an\u00e1lise de viabilidade global.\r\n        <\/p>\r\n    <\/div>\r\n\r\n    <div class=\"ratti-card\">\r\n        <h3>\ud83d\udcdc Licen\u00e7as e Regulariza\u00e7\u00e3o<\/h3>\r\n        <p>\r\n            Estrutura\u00e7\u00e3o completa de registros e habilita\u00e7\u00f5es junto ao MAPA, ANVISA e \u00f3rg\u00e3os internacionais, incluindo FDA e DINAVISA, al\u00e9m da emiss\u00e3o do Certificado de Livre Venda para acesso seguro aos mercados externos.\r\n        <\/p>\r\n    <\/div>\r\n\r\n    <div class=\"ratti-card\">\r\n        <h3>\ud83c\udf0d Estrutura de Exporta\u00e7\u00e3o<\/h3>\r\n        <p>\r\n            Organiza\u00e7\u00e3o da opera\u00e7\u00e3o com foco em conformidade: documenta\u00e7\u00e3o, exig\u00eancias sanit\u00e1rias, log\u00edstica internacional e forma\u00e7\u00e3o de pre\u00e7o.\r\n        <\/p>\r\n    <\/div>\r\n\r\n    <div class=\"ratti-card\">\r\n        <h3>\ud83d\udcca Intelig\u00eancia Comercial<\/h3>\r\n        <p>\r\n            An\u00e1lise de demanda, concorr\u00eancia e oportunidades reais para posicionar produtos de alimentos e bebidas com competitividade global.\r\n        <\/p>\r\n    <\/div>\r\n\r\n    <div class=\"ratti-card\">\r\n        <h3>\ud83c\udf0d Compliance Internacional<\/h3>\r\n        <p>\r\n            Adequa\u00e7\u00e3o \u00e0s normas sanit\u00e1rias e regulat\u00f3rias internacionais, reduzindo riscos, evitando barreiras comerciais e garantindo acesso cont\u00ednuo aos mercados.\r\n        <\/p>\r\n    <\/div>\r\n\r\n    <div class=\"ratti-card\">\r\n        <h3>\ud83c\udf0d Execu\u00e7\u00e3o e Acompanhamento<\/h3>\r\n        <p>\r\n            Suporte estrat\u00e9gico em todas as etapas da exporta\u00e7\u00e3o, da estrutura\u00e7\u00e3o \u00e0 consolida\u00e7\u00e3o da opera\u00e7\u00e3o internacional.\r\n        <\/p>\r\n    <\/div>\r\n\r\n<\/section>\r\n\r\n<!-- CTA -->\r\n<section class=\"ratti-cta\">\r\n\r\n    <h2>Quem pensa local\u2026<br>disputa pre\u00e7o.<br><br>Quem pensa global\u2026<br>define valor.<\/h2>\r\n\r\n    <p>\r\n        O mercado internacional n\u00e3o perdoa improviso.<br>\r\n        Ele recompensa estrutura, intelig\u00eancia e posicionamento.\r\n    <\/p>\r\n\r\n    <a href=\"https:\/\/wa.me\/+5519981988048\" class=\"ratti-btn\">\r\n        Expandir para o mercado global\r\n    <\/a>\r\n\r\n<\/section>\r\n\r\n<\/div>\t\t\t\t<\/div>\n\t\t\t\t<\/div>\n\t\t\t\t\t<\/div>\n\t\t\t\t<\/div>\n\t\t<div class=\"elementor-element elementor-element-f5df780 e-con-full e-flex wpr-particle-no wpr-jarallax-no wpr-parallax-no wpr-sticky-section-no e-con e-parent\" data-id=\"f5df780\" data-element_type=\"container\" data-e-type=\"container\">\n\t\t\t\t<div class=\"elementor-element elementor-element-6a6932e elementor-widget elementor-widget-html\" data-id=\"6a6932e\" data-element_type=\"widget\" data-e-type=\"widget\" data-widget_type=\"html.default\">\n\t\t\t\t<div class=\"elementor-widget-container\">\n\t\t\t\t\t<style>\r\n.ratti-section-5 {\r\n    background: #1B365D;\r\n    padding: 120px 5%;\r\n    font-family: 'Montserrat', sans-serif;\r\n    text-align: center;\r\n}\r\n\r\n.ratti-section-5 h2 {\r\n    font-size: 30px;\r\n    font-weight: 700;\r\n    margin-bottom: 35px;\r\n    color: #FFFFFF;\r\n}\r\n\r\n.ratti-section-5 p {\r\n    max-width: 900px;\r\n    margin: 0 auto;\r\n    font-size: 18px;\r\n    line-height: 1.9;\r\n    color: #FFFFFF;\r\n    font-weight: 400;\r\n}\r\n<\/style>\r\n\r\n<section class=\"ratti-section-5\">\r\n    <h2>Internacionaliza\u00e7\u00e3o exige estrat\u00e9gia, n\u00e3o improviso.<\/h2>\r\n\r\n    <p>\r\n        A Ratti Consultoria atua com vis\u00e3o executiva e institucional,\r\n        estruturando opera\u00e7\u00f5es internacionais com seguran\u00e7a jur\u00eddica,\r\n        an\u00e1lise estrat\u00e9gica de risco e intelig\u00eancia de mercado.\r\n        Nosso compromisso \u00e9 desenvolver opera\u00e7\u00f5es globais sustent\u00e1veis,\r\n        consolidadas e preparadas para competir com solidez no cen\u00e1rio internacional.\r\n    <\/p>\r\n<\/section>\r\n\t\t\t\t<\/div>\n\t\t\t\t<\/div>\n\t\t\t\t<\/div>\n\t\t\t\t<section class=\"elementor-section elementor-top-section elementor-element elementor-element-4863px2 elementor-section-content-middle elementor-section-full_width elementor-section-height-default elementor-section-height-default wpr-particle-no wpr-jarallax-no wpr-parallax-no wpr-sticky-section-no\" data-id=\"4863px2\" data-element_type=\"section\" data-e-type=\"section\" data-settings=\"{&quot;background_background&quot;:&quot;classic&quot;}\">\n\t\t\t\t\t\t\t<div class=\"elementor-background-overlay\"><\/div>\n\t\t\t\t\t\t\t<div class=\"elementor-container elementor-column-gap-no\">\n\t\t\t\t\t<div class=\"elementor-column elementor-col-50 elementor-top-column elementor-element elementor-element-47d11e6\" data-id=\"47d11e6\" data-element_type=\"column\" data-e-type=\"column\">\n\t\t\t<div class=\"elementor-widget-wrap elementor-element-populated\">\n\t\t\t\t\t\t<div class=\"elementor-element elementor-element-0b62b3b elementor-widget elementor-widget-video\" data-id=\"0b62b3b\" data-element_type=\"widget\" data-e-type=\"widget\" data-settings=\"{&quot;video_type&quot;:&quot;hosted&quot;,&quot;autoplay&quot;:&quot;yes&quot;,&quot;play_on_mobile&quot;:&quot;yes&quot;,&quot;loop&quot;:&quot;yes&quot;}\" data-widget_type=\"video.default\">\n\t\t\t\t<div class=\"elementor-widget-container\">\n\t\t\t\t\t\t\t<div class=\"e-hosted-video elementor-wrapper elementor-open-inline\">\n\t\t\t\t\t<video class=\"elementor-video\" src=\"https:\/\/ratticonsultoria.com.br\/wp-content\/uploads\/2025\/11\/Business-Consulting-Specialist-in-Brazil.mp4\" autoplay=\"\" loop=\"\" playsinline=\"\" controlsList=\"nodownload\"><\/video>\n\t\t\t\t<\/div>\n\t\t\t\t\t\t<\/div>\n\t\t\t\t<\/div>\n\t\t\t\t\t<\/div>\n\t\t<\/div>\n\t\t\t\t<div class=\"elementor-column elementor-col-50 elementor-top-column elementor-element elementor-element-e68dcfe\" data-id=\"e68dcfe\" data-element_type=\"column\" data-e-type=\"column\">\n\t\t\t<div class=\"elementor-widget-wrap elementor-element-populated\">\n\t\t\t\t\t\t<div class=\"elementor-element elementor-element-a0ce042 elementor-widget elementor-widget-heading\" data-id=\"a0ce042\" data-element_type=\"widget\" data-e-type=\"widget\" data-widget_type=\"heading.default\">\n\t\t\t\t<div class=\"elementor-widget-container\">\n\t\t\t\t\t<h5 class=\"elementor-heading-title elementor-size-default\">Entre em Contato <\/h5>\t\t\t\t<\/div>\n\t\t\t\t<\/div>\n\t\t\t\t<div class=\"elementor-element elementor-element-ff0f137 elementor-widget elementor-widget-heading\" data-id=\"ff0f137\" data-element_type=\"widget\" data-e-type=\"widget\" data-widget_type=\"heading.default\">\n\t\t\t\t<div class=\"elementor-widget-container\">\n\t\t\t\t\t<h2 class=\"elementor-heading-title elementor-size-default\">Suporte no Brasil, para empresas Estrangeiras! \n\n<\/h2>\t\t\t\t<\/div>\n\t\t\t\t<\/div>\n\t\t\t\t<div class=\"elementor-element elementor-element-72da1a5 elementor-widget elementor-widget-text-editor\" data-id=\"72da1a5\" data-element_type=\"widget\" data-e-type=\"widget\" data-widget_type=\"text-editor.default\">\n\t\t\t\t<div class=\"elementor-widget-container\">\n\t\t\t\t\t\t\t\t\t<p><strong data-start=\"685\" data-end=\"726\">Expandir fronteiras exige estrat\u00e9gia.<\/strong><br data-start=\"726\" data-end=\"729\" \/>Apoiamos empresas\u00a0 que buscam novos mercados e investidores internacionais que acreditam no potencial do Brasil. Atuamos com intelig\u00eancia de mercado, seguran\u00e7a e vis\u00e3o estrat\u00e9gica para transformar oportunidades em resultados concretos.<\/p>\t\t\t\t\t\t\t\t<\/div>\n\t\t\t\t<\/div>\n\t\t\t\t<div class=\"elementor-element elementor-element-a6dde25 elementor-align-left elementor-widget elementor-widget-button\" data-id=\"a6dde25\" data-element_type=\"widget\" data-e-type=\"widget\" data-widget_type=\"button.default\">\n\t\t\t\t<div class=\"elementor-widget-container\">\n\t\t\t\t\t\t\t\t\t<div class=\"elementor-button-wrapper\">\n\t\t\t\t\t<a class=\"elementor-button elementor-button-link elementor-size-sm\" href=\"https:\/\/wa.me\/+5519981988048\">\n\t\t\t\t\t\t<span class=\"elementor-button-content-wrapper\">\n\t\t\t\t\t\t<span class=\"elementor-button-icon\">\n\t\t\t\t<svg aria-hidden=\"true\" class=\"e-font-icon-svg e-fab-whatsapp\" viewBox=\"0 0 448 512\" xmlns=\"http:\/\/www.w3.org\/2000\/svg\"><path d=\"M380.9 97.1C339 55.1 283.2 32 223.9 32c-122.4 0-222 99.6-222 222 0 39.1 10.2 77.3 29.6 111L0 480l117.7-30.9c32.4 17.7 68.9 27 106.1 27h.1c122.3 0 224.1-99.6 224.1-222 0-59.3-25.2-115-67.1-157zm-157 341.6c-33.2 0-65.7-8.9-94-25.7l-6.7-4-69.8 18.3L72 359.2l-4.4-7c-18.5-29.4-28.2-63.3-28.2-98.2 0-101.7 82.8-184.5 184.6-184.5 49.3 0 95.6 19.2 130.4 54.1 34.8 34.9 56.2 81.2 56.1 130.5 0 101.8-84.9 184.6-186.6 184.6zm101.2-138.2c-5.5-2.8-32.8-16.2-37.9-18-5.1-1.9-8.8-2.8-12.5 2.8-3.7 5.6-14.3 18-17.6 21.8-3.2 3.7-6.5 4.2-12 1.4-32.6-16.3-54-29.1-75.5-66-5.7-9.8 5.7-9.1 16.3-30.3 1.8-3.7.9-6.9-.5-9.7-1.4-2.8-12.5-30.1-17.1-41.2-4.5-10.8-9.1-9.3-12.5-9.5-3.2-.2-6.9-.2-10.6-.2-3.7 0-9.7 1.4-14.8 6.9-5.1 5.6-19.4 19-19.4 46.3 0 27.3 19.9 53.7 22.6 57.4 2.8 3.7 39.1 59.7 94.8 83.8 35.2 15.2 49 16.5 66.6 13.9 10.7-1.6 32.8-13.4 37.4-26.4 4.6-13 4.6-24.1 3.2-26.4-1.3-2.5-5-3.9-10.5-6.6z\"><\/path><\/svg>\t\t\t<\/span>\n\t\t\t\t\t\t\t\t\t<span class=\"elementor-button-text\">Contato<\/span>\n\t\t\t\t\t<\/span>\n\t\t\t\t\t<\/a>\n\t\t\t\t<\/div>\n\t\t\t\t\t\t\t\t<\/div>\n\t\t\t\t<\/div>\n\t\t\t\t\t<\/div>\n\t\t<\/div>\n\t\t\t\t\t<\/div>\n\t\t<\/section>\n\t\t\t\t<\/div>\n\t\t","protected":false},"excerpt":{"rendered":"<p>Com\u00e9rcio Exterior Exportar n\u00e3o \u00e9 enviar produto. \u00c9 estruturar opera\u00e7\u00e3o. \u00c9 dominar mercado. \u00c9 pensar global. A maioria das empresas perde dinheiro no internacional\u2026 N\u00e3o por falta de demanda; mas por falta de estrat\u00e9gia, estrutura e dire\u00e7\u00e3o. \ud83c\udf0d Estrat\u00e9gia de Entrada Defini\u00e7\u00e3o de mercados, canais e posicionamento internacional com intelig\u00eancia competitiva e an\u00e1lise de viabilidade global. \ud83d\udcdc Licen\u00e7as e Regulariza\u00e7\u00e3o Estrutura\u00e7\u00e3o completa de registros e habilita\u00e7\u00f5es junto ao MAPA, ANVISA e \u00f3rg\u00e3os internacionais, incluindo FDA e DINAVISA, al\u00e9m da emiss\u00e3o do Certificado de Livre Venda para acesso seguro aos mercados externos. \ud83c\udf0d Estrutura de Exporta\u00e7\u00e3o Organiza\u00e7\u00e3o da opera\u00e7\u00e3o com foco em conformidade: documenta\u00e7\u00e3o, exig\u00eancias sanit\u00e1rias, log\u00edstica internacional e forma\u00e7\u00e3o de pre\u00e7o. \ud83d\udcca Intelig\u00eancia Comercial An\u00e1lise de demanda, concorr\u00eancia e oportunidades reais para posicionar produtos de alimentos e bebidas com competitividade global. \ud83c\udf0d Compliance Internacional Adequa\u00e7\u00e3o \u00e0s normas sanit\u00e1rias e regulat\u00f3rias internacionais, reduzindo riscos, evitando barreiras comerciais e garantindo acesso cont\u00ednuo aos mercados. \ud83c\udf0d Execu\u00e7\u00e3o e Acompanhamento Suporte estrat\u00e9gico em todas as etapas da exporta\u00e7\u00e3o, da estrutura\u00e7\u00e3o \u00e0 consolida\u00e7\u00e3o da opera\u00e7\u00e3o internacional. Quem pensa local\u2026disputa pre\u00e7o. Quem pensa global\u2026define valor. O mercado internacional n\u00e3o perdoa improviso. Ele recompensa estrutura, intelig\u00eancia e posicionamento. Expandir para o mercado global Internacionaliza\u00e7\u00e3o exige estrat\u00e9gia, n\u00e3o improviso. A Ratti Consultoria atua com vis\u00e3o executiva e institucional, estruturando opera\u00e7\u00f5es internacionais com seguran\u00e7a jur\u00eddica, an\u00e1lise estrat\u00e9gica de risco e intelig\u00eancia de mercado. Nosso compromisso \u00e9 desenvolver opera\u00e7\u00f5es globais sustent\u00e1veis, consolidadas e preparadas para competir com solidez no cen\u00e1rio internacional. https:\/\/ratticonsultoria.com.br\/wp-content\/uploads\/2025\/11\/Business-Consulting-Specialist-in-Brazil.mp4 Entre em Contato Suporte no Brasil, para empresas Estrangeiras! Expandir fronteiras exige estrat\u00e9gia.Apoiamos empresas\u00a0 que buscam novos mercados e investidores internacionais que acreditam no potencial do Brasil. Atuamos com intelig\u00eancia de mercado, seguran\u00e7a e vis\u00e3o estrat\u00e9gica para transformar oportunidades em resultados concretos. Contato<\/p>\n","protected":false},"author":1,"featured_media":0,"parent":21,"menu_order":0,"comment_status":"closed","ping_status":"closed","template":"elementor_header_footer","meta":{"_eb_attr":"","_uag_custom_page_level_css":"","site-sidebar-layout":"no-sidebar","site-content-layout":"page-builder","ast-site-content-layout":"default","site-content-style":"default","site-sidebar-style":"default","ast-global-header-display":"","ast-banner-title-visibility":"","ast-main-header-display":"","ast-hfb-above-header-display":"","ast-hfb-below-header-display":"","ast-hfb-mobile-header-display":"","site-post-title":"disabled","ast-breadcrumbs-content":"","ast-featured-img":"disabled","footer-sml-layout":"","ast-disable-related-posts":"","theme-transparent-header-meta":"enabled","adv-header-id-meta":"","stick-header-meta":"","header-above-stick-meta":"","header-main-stick-meta":"","header-below-stick-meta":"","astra-migrate-meta-layouts":"default","ast-page-background-enabled":"default","ast-page-background-meta":{"desktop":{"background-color":"","background-image":"","background-repeat":"repeat","background-position":"center center","background-size":"auto","background-attachment":"scroll","background-type":"","background-media":"","overlay-type":"","overlay-color":"","overlay-opacity":"","overlay-gradient":""},"tablet":{"background-color":"","background-image":"","background-repeat":"repeat","background-position":"center center","background-size":"auto","background-attachment":"scroll","background-type":"","background-media":"","overlay-type":"","overlay-color":"","overlay-opacity":"","overlay-gradient":""},"mobile":{"background-color":"","background-image":"","background-repeat":"repeat","background-position":"center center","background-size":"auto","background-attachment":"scroll","background-type":"","background-media":"","overlay-type":"","overlay-color":"","overlay-opacity":"","overlay-gradient":""}},"ast-content-background-meta":{"desktop":{"background-color":"var(--ast-global-color-5)","background-image":"","background-repeat":"repeat","background-position":"center center","background-size":"auto","background-attachment":"scroll","background-type":"","background-media":"","overlay-type":"","overlay-color":"","overlay-opacity":"","overlay-gradient":""},"tablet":{"background-color":"var(--ast-global-color-5)","background-image":"","background-repeat":"repeat","background-position":"center center","background-size":"auto","background-attachment":"scroll","background-type":"","background-media":"","overlay-type":"","overlay-color":"","overlay-opacity":"","overlay-gradient":""},"mobile":{"background-color":"var(--ast-global-color-5)","background-image":"","background-repeat":"repeat","background-position":"center center","background-size":"auto","background-attachment":"scroll","background-type":"","background-media":"","overlay-type":"","overlay-color":"","overlay-opacity":"","overlay-gradient":""}},"footnotes":""},"class_list":["post-3450","page","type-page","status-publish","hentry"],"uagb_featured_image_src":{"full":false,"thumbnail":false,"medium":false,"medium_large":false,"large":false,"1536x1536":false,"2048x2048":false},"uagb_author_info":{"display_name":"augusto.rfilho","author_link":"https:\/\/ratticonsultoria.com.br\/?author=1"},"uagb_comment_info":0,"uagb_excerpt":"Com\u00e9rcio Exterior Exportar n\u00e3o \u00e9 enviar produto. \u00c9 estruturar opera\u00e7\u00e3o. \u00c9 dominar mercado. \u00c9 pensar global. A maioria das empresas perde dinheiro no internacional\u2026 N\u00e3o por falta de demanda; mas por falta de estrat\u00e9gia, estrutura e dire\u00e7\u00e3o. \ud83c\udf0d Estrat\u00e9gia de Entrada Defini\u00e7\u00e3o de mercados, canais e posicionamento internacional com intelig\u00eancia competitiva e an\u00e1lise de viabilidade&hellip;","_links":{"self":[{"href":"https:\/\/ratticonsultoria.com.br\/index.php?rest_route=\/wp\/v2\/pages\/3450","targetHints":{"allow":["GET"]}}],"collection":[{"href":"https:\/\/ratticonsultoria.com.br\/index.php?rest_route=\/wp\/v2\/pages"}],"about":[{"href":"https:\/\/ratticonsultoria.com.br\/index.php?rest_route=\/wp\/v2\/types\/page"}],"author":[{"embeddable":true,"href":"https:\/\/ratticonsultoria.com.br\/index.php?rest_route=\/wp\/v2\/users\/1"}],"replies":[{"embeddable":true,"href":"https:\/\/ratticonsultoria.com.br\/index.php?rest_route=%2Fwp%2Fv2%2Fcomments&post=3450"}],"version-history":[{"count":10,"href":"https:\/\/ratticonsultoria.com.br\/index.php?rest_route=\/wp\/v2\/pages\/3450\/revisions"}],"predecessor-version":[{"id":3539,"href":"https:\/\/ratticonsultoria.com.br\/index.php?rest_route=\/wp\/v2\/pages\/3450\/revisions\/3539"}],"up":[{"embeddable":true,"href":"https:\/\/ratticonsultoria.com.br\/index.php?rest_route=\/wp\/v2\/pages\/21"}],"wp:attachment":[{"href":"https:\/\/ratticonsultoria.com.br\/index.php?rest_route=%2Fwp%2Fv2%2Fmedia&parent=3450"}],"curies":[{"name":"wp","href":"https:\/\/api.w.org\/{rel}","templated":true}]}}